{"id":90,"date":"2024-04-27T02:22:19","date_gmt":"2024-04-27T02:22:19","guid":{"rendered":"https:\/\/fmroofingllc.com\/?page_id=90"},"modified":"2024-05-03T21:41:16","modified_gmt":"2024-05-03T21:41:16","slug":"services","status":"publish","type":"page","link":"https:\/\/fmroofingllc.com\/es\/services\/","title":{"rendered":"SERVICIOS"},"content":{"rendered":"<div data-elementor-type=\"wp-page\" data-elementor-id=\"90\" class=\"elementor elementor-90\" data-elementor-post-type=\"page\">\n\t\t\t\t\t\t<section class=\"elementor-section elementor-top-section elementor-element elementor-element-47866da3 elementor-section-boxed elementor-section-height-default elementor-section-height-default\" data-id=\"47866da3\" data-element_type=\"section\" data-e-type=\"section\" data-settings=\"{&quot;background_background&quot;:&quot;classic&quot;}\">\n\t\t\t\t\t\t\t<div class=\"elementor-background-overlay\"><\/div>\n\t\t\t\t\t\t\t<div class=\"elementor-container elementor-column-gap-default\">\n\t\t\t\t\t<div class=\"elementor-column elementor-col-100 elementor-top-column elementor-element elementor-element-5c0438ff\" data-id=\"5c0438ff\" data-element_type=\"column\" data-e-type=\"column\">\n\t\t\t<div class=\"elementor-widget-wrap elementor-element-populated\">\n\t\t\t\t\t\t<div class=\"elementor-element elementor-element-51396e3a elementor-widget elementor-widget-heading\" data-id=\"51396e3a\" data-element_type=\"widget\" data-e-type=\"widget\" data-widget_type=\"heading.default\">\n\t\t\t\t<div class=\"elementor-widget-container\">\n\t\t\t\t\t<h1 class=\"elementor-heading-title elementor-size-default\">SERVICIOS<\/h1>\t\t\t\t<\/div>\n\t\t\t\t<\/div>\n\t\t\t\t<div class=\"elementor-element elementor-element-766edd37 elementor-icon-list--layout-inline elementor-align-center elementor-list-item-link-full_width elementor-widget elementor-widget-icon-list\" data-id=\"766edd37\" data-element_type=\"widget\" data-e-type=\"widget\" data-widget_type=\"icon-list.default\">\n\t\t\t\t<div class=\"elementor-widget-container\">\n\t\t\t\t\t\t\t<ul class=\"elementor-icon-list-items elementor-inline-items\">\n\t\t\t\t\t\t\t<li class=\"elementor-icon-list-item elementor-inline-item\">\n\t\t\t\t\t\t\t\t\t\t<span class=\"elementor-icon-list-text\">INICIO<\/span>\n\t\t\t\t\t\t\t\t\t<\/li>\n\t\t\t\t\t\t\t\t<li class=\"elementor-icon-list-item elementor-inline-item\">\n\t\t\t\t\t\t\t\t\t\t\t<span class=\"elementor-icon-list-icon\">\n\t\t\t\t\t\t\t<svg aria-hidden=\"true\" class=\"e-font-icon-svg e-fas-dot-circle\" viewbox=\"0 0 512 512\" xmlns=\"http:\/\/www.w3.org\/2000\/svg\"><path d=\"M256 8C119.033 8 8 119.033 8 256s111.033 248 248 248 248-111.033 248-248S392.967 8 256 8zm80 248c0 44.112-35.888 80-80 80s-80-35.888-80-80 35.888-80 80-80 80 35.888 80 80z\"><\/path><\/svg>\t\t\t\t\t\t<\/span>\n\t\t\t\t\t\t\t\t\t\t<span class=\"elementor-icon-list-text\">SERVICIOS<\/span>\n\t\t\t\t\t\t\t\t\t<\/li>\n\t\t\t\t\t\t<\/ul>\n\t\t\t\t\t\t<\/div>\n\t\t\t\t<\/div>\n\t\t\t\t\t<\/div>\n\t\t<\/div>\n\t\t\t\t\t<\/div>\n\t\t<\/section>\n\t\t\t\t<section class=\"elementor-section elementor-top-section elementor-element elementor-element-3f2eba30 elementor-section-boxed elementor-section-height-default elementor-section-height-default\" data-id=\"3f2eba30\" data-element_type=\"section\" data-e-type=\"section\" data-settings=\"{&quot;background_background&quot;:&quot;classic&quot;,&quot;shape_divider_top&quot;:&quot;tilt&quot;}\">\n\t\t\t\t\t<div class=\"elementor-shape elementor-shape-top\" aria-hidden=\"true\" data-negative=\"false\">\n\t\t\t<svg xmlns=\"http:\/\/www.w3.org\/2000\/svg\" viewbox=\"0 0 1000 100\" preserveaspectratio=\"none\">\n\t<path class=\"elementor-shape-fill\" d=\"M0,6V0h1000v100L0,6z\"\/>\n<\/svg>\t\t<\/div>\n\t\t\t\t\t<div class=\"elementor-container elementor-column-gap-default\">\n\t\t\t\t\t<div class=\"elementor-column elementor-col-100 elementor-top-column elementor-element elementor-element-75c8555c\" data-id=\"75c8555c\" data-element_type=\"column\" data-e-type=\"column\" data-settings=\"{&quot;background_background&quot;:&quot;classic&quot;}\">\n\t\t\t<div class=\"elementor-widget-wrap elementor-element-populated\">\n\t\t\t\t\t\t<section class=\"elementor-section elementor-inner-section elementor-element elementor-element-e6994b4 elementor-section-content-middle elementor-section-boxed elementor-section-height-default elementor-section-height-default\" data-id=\"e6994b4\" data-element_type=\"section\" data-e-type=\"section\">\n\t\t\t\t\t\t<div class=\"elementor-container elementor-column-gap-default\">\n\t\t\t\t\t<div class=\"elementor-column elementor-col-50 elementor-inner-column elementor-element elementor-element-50c7f2\" data-id=\"50c7f2\" data-element_type=\"column\" data-e-type=\"column\">\n\t\t\t<div class=\"elementor-widget-wrap elementor-element-populated\">\n\t\t\t\t\t\t<div class=\"elementor-element elementor-element-3cf9646e elementor-widget elementor-widget-heading\" data-id=\"3cf9646e\" data-element_type=\"widget\" data-e-type=\"widget\" data-widget_type=\"heading.default\">\n\t\t\t\t<div class=\"elementor-widget-container\">\n\t\t\t\t\t<h1 class=\"elementor-heading-title elementor-size-default\">Lo que ofrecemos<\/h1>\t\t\t\t<\/div>\n\t\t\t\t<\/div>\n\t\t\t\t<div class=\"elementor-element elementor-element-1a0232a2 elementor-widget-divider--separator-type-pattern elementor-widget-divider--view-line elementor-widget elementor-widget-divider\" data-id=\"1a0232a2\" data-element_type=\"widget\" data-e-type=\"widget\" data-widget_type=\"divider.default\">\n\t\t\t\t<div class=\"elementor-widget-container\">\n\t\t\t\t\t\t\t<div class=\"elementor-divider\" style=\"--divider-pattern-url: url(&quot;data:image\/svg+xml,%3Csvg xmlns=&#039;http:\/\/www.w3.org\/2000\/svg&#039; preserveAspectRatio=&#039;none&#039; overflow=&#039;visible&#039; height=&#039;100%&#039; viewBox=&#039;0 0 24 24&#039; fill=&#039;black&#039; stroke=&#039;none&#039;%3E%3Cpolygon points=&#039;9.4,2 24,2 14.6,21.6 0,21.6&#039;\/%3E%3C\/svg%3E&quot;);\">\n\t\t\t<span class=\"elementor-divider-separator\">\n\t\t\t\t\t\t<\/span>\n\t\t<\/div>\n\t\t\t\t\t\t<\/div>\n\t\t\t\t<\/div>\n\t\t\t\t\t<\/div>\n\t\t<\/div>\n\t\t\t\t<div class=\"elementor-column elementor-col-50 elementor-inner-column elementor-element elementor-element-7c153f59\" data-id=\"7c153f59\" data-element_type=\"column\" data-e-type=\"column\">\n\t\t\t<div class=\"elementor-widget-wrap elementor-element-populated\">\n\t\t\t\t\t\t<div class=\"elementor-element elementor-element-11495a5f elementor-widget elementor-widget-text-editor\" data-id=\"11495a5f\" data-element_type=\"widget\" data-e-type=\"widget\" data-widget_type=\"text-editor.default\">\n\t\t\t\t<div class=\"elementor-widget-container\">\n\t\t\t\t\t\t\t\t\t<p>Conoce a tu contratista experto en remodelaciones de  la ciudad de Liberal, Kansas, somos FM  Roofing LLC, atendiendo proyectos residenciales y comerciales. Pregunta por nuestros servicios especializados: Roofing, Framing, Siding, Concrete, Sheetrock, Painting, Texture y m\u00e1s.<\/p>\t\t\t\t\t\t\t\t<\/div>\n\t\t\t\t<\/div>\n\t\t\t\t\t<\/div>\n\t\t<\/div>\n\t\t\t\t\t<\/div>\n\t\t<\/section>\n\t\t\t\t<section class=\"elementor-section elementor-inner-section elementor-element elementor-element-39ea458c elementor-section-boxed elementor-section-height-default elementor-section-height-default\" data-id=\"39ea458c\" data-element_type=\"section\" data-e-type=\"section\">\n\t\t\t\t\t\t<div class=\"elementor-container elementor-column-gap-default\">\n\t\t\t\t\t<div class=\"elementor-column elementor-col-33 elementor-inner-column elementor-element elementor-element-40b4de35\" data-id=\"40b4de35\" data-element_type=\"column\" data-e-type=\"column\">\n\t\t\t<div class=\"elementor-widget-wrap elementor-element-populated\">\n\t\t\t\t\t\t<div class=\"elementor-element elementor-element-3ed07a28 elementor-position-top elementor-widget elementor-widget-image-box\" data-id=\"3ed07a28\" data-element_type=\"widget\" data-e-type=\"widget\" data-widget_type=\"image-box.default\">\n\t\t\t\t<div class=\"elementor-widget-container\">\n\t\t\t\t\t<div class=\"elementor-image-box-wrapper\"><figure class=\"elementor-image-box-img\"><img fetchpriority=\"high\" decoding=\"async\" width=\"960\" height=\"720\" src=\"https:\/\/fmroofingllc.com\/wp-content\/uploads\/2024\/05\/Imagen-de-WhatsApp-2024-04-25-a-las-18.06.21_5ce87599.jpg\" class=\"elementor-animation-grow attachment-full size-full wp-image-141\" alt=\"\" srcset=\"https:\/\/fmroofingllc.com\/wp-content\/uploads\/2024\/05\/Imagen-de-WhatsApp-2024-04-25-a-las-18.06.21_5ce87599.jpg 960w, https:\/\/fmroofingllc.com\/wp-content\/uploads\/2024\/05\/Imagen-de-WhatsApp-2024-04-25-a-las-18.06.21_5ce87599-300x225.jpg 300w, https:\/\/fmroofingllc.com\/wp-content\/uploads\/2024\/05\/Imagen-de-WhatsApp-2024-04-25-a-las-18.06.21_5ce87599-768x576.jpg 768w, https:\/\/fmroofingllc.com\/wp-content\/uploads\/2024\/05\/Imagen-de-WhatsApp-2024-04-25-a-las-18.06.21_5ce87599-16x12.jpg 16w\" sizes=\"(max-width: 960px) 100vw, 960px\" \/><\/figure><div class=\"elementor-image-box-content\"><h1 class=\"elementor-image-box-title\">Roofing<\/h1><p class=\"elementor-image-box-description\">Seleccionar a un contratista para tu techo que tenga experiencia y sea responsable en el servicio que necesitas para tu residencia te garantiza la calidad y durabilidad. \nAqu\u00ed te ofrecemos instalaci\u00f3n y reparaci\u00f3n de todo tipo de techo, somos  FM  Roofing LLC brindando  servicios en las residencias y comercios en la ciudad de Liberal, Kansas y ciudades alrededores.\nTrabajamos con los mejores materiales y herramientas, asegurando que los resultados te satisfar\u00e1n al 100 %. Atendemos cualquier proyecto, desde casas grandes hasta cambios parciales.\n<\/p><\/div><\/div>\t\t\t\t<\/div>\n\t\t\t\t<\/div>\n\t\t\t\t\t<\/div>\n\t\t<\/div>\n\t\t\t\t<div class=\"elementor-column elementor-col-33 elementor-inner-column elementor-element elementor-element-5f24bbeb\" data-id=\"5f24bbeb\" data-element_type=\"column\" data-e-type=\"column\">\n\t\t\t<div class=\"elementor-widget-wrap elementor-element-populated\">\n\t\t\t\t\t\t<div class=\"elementor-element elementor-element-3773b9b0 elementor-position-top elementor-widget elementor-widget-image-box\" data-id=\"3773b9b0\" data-element_type=\"widget\" data-e-type=\"widget\" data-widget_type=\"image-box.default\">\n\t\t\t\t<div class=\"elementor-widget-container\">\n\t\t\t\t\t<div class=\"elementor-image-box-wrapper\"><figure class=\"elementor-image-box-img\"><img decoding=\"async\" width=\"960\" height=\"720\" src=\"https:\/\/fmroofingllc.com\/wp-content\/uploads\/2024\/05\/174522552_283204229940399_666390997758167935_n.jpg\" class=\"elementor-animation-grow attachment-full size-full wp-image-128\" alt=\"\" srcset=\"https:\/\/fmroofingllc.com\/wp-content\/uploads\/2024\/05\/174522552_283204229940399_666390997758167935_n.jpg 960w, https:\/\/fmroofingllc.com\/wp-content\/uploads\/2024\/05\/174522552_283204229940399_666390997758167935_n-300x225.jpg 300w, https:\/\/fmroofingllc.com\/wp-content\/uploads\/2024\/05\/174522552_283204229940399_666390997758167935_n-768x576.jpg 768w, https:\/\/fmroofingllc.com\/wp-content\/uploads\/2024\/05\/174522552_283204229940399_666390997758167935_n-16x12.jpg 16w\" sizes=\"(max-width: 960px) 100vw, 960px\" \/><\/figure><div class=\"elementor-image-box-content\"><h1 class=\"elementor-image-box-title\">Framing<\/h1><p class=\"elementor-image-box-description\">Si deseas ampliar una habitaci\u00f3n o corregir una pared, la forma m\u00e1s sencilla es contratar un especialista en framing, atendemos proyectos en Liberal, Kansas y sus alrededores.\nFM  Roofing LLC te ofrece el servicio de framing, desde instalaci\u00f3n hasta reparaciones, llegamos hasta el sitio a realizar una inspecci\u00f3n y le daremos su estimaci\u00f3n gratis.\nNos enfocamos en construir estructuras bien niveladas, con medidas exactas y material de la mejor calidad. Permitanos ayudarle a tener una construcci\u00f3n segura y duradera.\n<\/p><\/div><\/div>\t\t\t\t<\/div>\n\t\t\t\t<\/div>\n\t\t\t\t\t<\/div>\n\t\t<\/div>\n\t\t\t\t<div class=\"elementor-column elementor-col-33 elementor-inner-column elementor-element elementor-element-133cd2c2\" data-id=\"133cd2c2\" data-element_type=\"column\" data-e-type=\"column\">\n\t\t\t<div class=\"elementor-widget-wrap elementor-element-populated\">\n\t\t\t\t\t\t<div class=\"elementor-element elementor-element-153dce06 elementor-position-top elementor-widget elementor-widget-image-box\" data-id=\"153dce06\" data-element_type=\"widget\" data-e-type=\"widget\" data-widget_type=\"image-box.default\">\n\t\t\t\t<div class=\"elementor-widget-container\">\n\t\t\t\t\t<div class=\"elementor-image-box-wrapper\"><figure class=\"elementor-image-box-img\"><img decoding=\"async\" width=\"1199\" height=\"893\" src=\"https:\/\/fmroofingllc.com\/wp-content\/uploads\/2024\/05\/Imagen-de-WhatsApp-2024-04-25-a-las-18.09.45_c7af64ce-e1714772838959.jpg\" class=\"elementor-animation-grow attachment-full size-full wp-image-143\" alt=\"\" srcset=\"https:\/\/fmroofingllc.com\/wp-content\/uploads\/2024\/05\/Imagen-de-WhatsApp-2024-04-25-a-las-18.09.45_c7af64ce-e1714772838959.jpg 1199w, https:\/\/fmroofingllc.com\/wp-content\/uploads\/2024\/05\/Imagen-de-WhatsApp-2024-04-25-a-las-18.09.45_c7af64ce-e1714772838959-300x223.jpg 300w, https:\/\/fmroofingllc.com\/wp-content\/uploads\/2024\/05\/Imagen-de-WhatsApp-2024-04-25-a-las-18.09.45_c7af64ce-e1714772838959-1024x763.jpg 1024w, https:\/\/fmroofingllc.com\/wp-content\/uploads\/2024\/05\/Imagen-de-WhatsApp-2024-04-25-a-las-18.09.45_c7af64ce-e1714772838959-768x572.jpg 768w, https:\/\/fmroofingllc.com\/wp-content\/uploads\/2024\/05\/Imagen-de-WhatsApp-2024-04-25-a-las-18.09.45_c7af64ce-e1714772838959-16x12.jpg 16w\" sizes=\"(max-width: 1199px) 100vw, 1199px\" \/><\/figure><div class=\"elementor-image-box-content\"><h1 class=\"elementor-image-box-title\">Siding<\/h1><p class=\"elementor-image-box-description\">FM  Roofing LLC es experto en revestimiento exterior de residencias en Liberal, Kansas. \nEl revestimiento se fabrica en varias formas y tama\u00f1os, incluidos paneles rectangulares, estilos de tejas y tejas, con la finalidad de adaptarse a las necesidades del cliente.\n\u00daselo para cubrir y proteger las paredes exteriores de su residencia, adem\u00e1s este tipo de cerramiento proporciona aislamiento. \nPregunte por el tipo de revestimiento que anda buscando, trabajamos con PVC, fibrocemento y madera, asegur\u00e1ndonos que sea un producto duradero y resistente a la intemperie. \nPerm\u00edtanos ayudarle a proteger su casa y contrate nuestros servicios de siding, compruebe nuestra calidad. \n<\/p><\/div><\/div>\t\t\t\t<\/div>\n\t\t\t\t<\/div>\n\t\t\t\t\t<\/div>\n\t\t<\/div>\n\t\t\t\t\t<\/div>\n\t\t<\/section>\n\t\t\t\t<section class=\"elementor-section elementor-inner-section elementor-element elementor-element-79ce836 elementor-section-boxed elementor-section-height-default elementor-section-height-default\" data-id=\"79ce836\" data-element_type=\"section\" data-e-type=\"section\">\n\t\t\t\t\t\t<div class=\"elementor-container elementor-column-gap-default\">\n\t\t\t\t\t<div class=\"elementor-column elementor-col-33 elementor-inner-column elementor-element elementor-element-2afcae3\" data-id=\"2afcae3\" data-element_type=\"column\" data-e-type=\"column\">\n\t\t\t<div class=\"elementor-widget-wrap elementor-element-populated\">\n\t\t\t\t\t\t<div class=\"elementor-element elementor-element-350e5cc elementor-position-top elementor-widget elementor-widget-image-box\" data-id=\"350e5cc\" data-element_type=\"widget\" data-e-type=\"widget\" data-widget_type=\"image-box.default\">\n\t\t\t\t<div class=\"elementor-widget-container\">\n\t\t\t\t\t<div class=\"elementor-image-box-wrapper\"><figure class=\"elementor-image-box-img\"><img decoding=\"async\" width=\"960\" height=\"720\" src=\"https:\/\/fmroofingllc.com\/wp-content\/uploads\/2024\/05\/174522552_283204229940399_666390997758167935_n.jpg\" class=\"elementor-animation-grow attachment-full size-full wp-image-128\" alt=\"\" srcset=\"https:\/\/fmroofingllc.com\/wp-content\/uploads\/2024\/05\/174522552_283204229940399_666390997758167935_n.jpg 960w, https:\/\/fmroofingllc.com\/wp-content\/uploads\/2024\/05\/174522552_283204229940399_666390997758167935_n-300x225.jpg 300w, https:\/\/fmroofingllc.com\/wp-content\/uploads\/2024\/05\/174522552_283204229940399_666390997758167935_n-768x576.jpg 768w, https:\/\/fmroofingllc.com\/wp-content\/uploads\/2024\/05\/174522552_283204229940399_666390997758167935_n-16x12.jpg 16w\" sizes=\"(max-width: 960px) 100vw, 960px\" \/><\/figure><div class=\"elementor-image-box-content\"><h1 class=\"elementor-image-box-title\">Concrete<\/h1><p class=\"elementor-image-box-description\">En FM  Roofing LLC usted encontrara constructores expertos en concreto que le podr\u00e1n elaborar desde una acera hasta una pared, el uso del concreto sirve en una residencia como en un comercio.\nEl concreto es un material muy resistente, duradero y vers\u00e1til, que se puede usar en infinidades de obras para un proyecto, por ser una mezcla creada en el sitio se adapta a la forma que el cliente necesite.\nSi necesita hacer un parqueo, una pared, una columna, un muro, todo se puede hacer en concreto, otra ventaja del concreto es que por su composici\u00f3n lo hace resistente al fuego, viento, huracanes y requiere de menos mantenimiento, pregunte con confianza nuestros asesores le atender\u00e1n.\n<\/p><\/div><\/div>\t\t\t\t<\/div>\n\t\t\t\t<\/div>\n\t\t\t\t\t<\/div>\n\t\t<\/div>\n\t\t\t\t<div class=\"elementor-column elementor-col-33 elementor-inner-column elementor-element elementor-element-5e03168\" data-id=\"5e03168\" data-element_type=\"column\" data-e-type=\"column\">\n\t\t\t<div class=\"elementor-widget-wrap elementor-element-populated\">\n\t\t\t\t\t\t<div class=\"elementor-element elementor-element-fa33992 elementor-position-top elementor-widget elementor-widget-image-box\" data-id=\"fa33992\" data-element_type=\"widget\" data-e-type=\"widget\" data-widget_type=\"image-box.default\">\n\t\t\t\t<div class=\"elementor-widget-container\">\n\t\t\t\t\t<div class=\"elementor-image-box-wrapper\"><figure class=\"elementor-image-box-img\"><img loading=\"lazy\" decoding=\"async\" width=\"1080\" height=\"558\" src=\"https:\/\/fmroofingllc.com\/wp-content\/uploads\/2024\/05\/Imagen-de-WhatsApp-2024-04-25-a-las-18.04.24_26816658.jpg\" class=\"elementor-animation-grow attachment-full size-full wp-image-136\" alt=\"\" srcset=\"https:\/\/fmroofingllc.com\/wp-content\/uploads\/2024\/05\/Imagen-de-WhatsApp-2024-04-25-a-las-18.04.24_26816658.jpg 1080w, https:\/\/fmroofingllc.com\/wp-content\/uploads\/2024\/05\/Imagen-de-WhatsApp-2024-04-25-a-las-18.04.24_26816658-300x155.jpg 300w, https:\/\/fmroofingllc.com\/wp-content\/uploads\/2024\/05\/Imagen-de-WhatsApp-2024-04-25-a-las-18.04.24_26816658-1024x529.jpg 1024w, https:\/\/fmroofingllc.com\/wp-content\/uploads\/2024\/05\/Imagen-de-WhatsApp-2024-04-25-a-las-18.04.24_26816658-768x397.jpg 768w, https:\/\/fmroofingllc.com\/wp-content\/uploads\/2024\/05\/Imagen-de-WhatsApp-2024-04-25-a-las-18.04.24_26816658-18x9.jpg 18w, https:\/\/fmroofingllc.com\/wp-content\/uploads\/2024\/05\/elementor\/thumbs\/Imagen-de-WhatsApp-2024-04-25-a-las-18.04.24_26816658-qnl3y531dt3mpoy6705xt7ioiyl92lao9ip48rky2y.jpg 2w\" sizes=\"(max-width: 1080px) 100vw, 1080px\" \/><\/figure><div class=\"elementor-image-box-content\"><h1 class=\"elementor-image-box-title\">Sheetrock <\/h1><p class=\"elementor-image-box-description\">FM  Roofing LLC ofrece servicios de Sheetrock, nuestros especialistas te garantizan estructuras correctamente instaladas y niveladas, cerramientos cortados a medidas y bien atornillados, texturas uniformes, lijadas y selladas.\nEl Sheetrock es muy com\u00fan verlo en el interior de las residencias de nuestra ciudad, si tu deseas este tipo de construcciones en tu casa, ya sea que quieras aumentar una habitaci\u00f3n o reparar el cielo de tu casa, has dado con la compa\u00f1\u00eda indicada. Otra de las ventajas con este sistema constructivo es que es econ\u00f3mico y r\u00e1pido de instalarse.\nPerm\u00edtanos ayudarle, ll\u00e1menos hoy mismo y con gusto llegaremos a realizarle una visita inicial y estimaci\u00f3n gratis.\n<\/p><\/div><\/div>\t\t\t\t<\/div>\n\t\t\t\t<\/div>\n\t\t\t\t\t<\/div>\n\t\t<\/div>\n\t\t\t\t<div class=\"elementor-column elementor-col-33 elementor-inner-column elementor-element elementor-element-a6c8c20\" data-id=\"a6c8c20\" data-element_type=\"column\" data-e-type=\"column\">\n\t\t\t<div class=\"elementor-widget-wrap elementor-element-populated\">\n\t\t\t\t\t\t<div class=\"elementor-element elementor-element-0ae348a elementor-position-top elementor-widget elementor-widget-image-box\" data-id=\"0ae348a\" data-element_type=\"widget\" data-e-type=\"widget\" data-widget_type=\"image-box.default\">\n\t\t\t\t<div class=\"elementor-widget-container\">\n\t\t\t\t\t<div class=\"elementor-image-box-wrapper\"><figure class=\"elementor-image-box-img\"><img loading=\"lazy\" decoding=\"async\" width=\"1092\" height=\"1437\" src=\"https:\/\/fmroofingllc.com\/wp-content\/uploads\/2024\/05\/Imagen-de-WhatsApp-2024-04-25-a-las-18.05.15_d9b39df1.jpg\" class=\"elementor-animation-grow attachment-full size-full wp-image-137\" alt=\"\" srcset=\"https:\/\/fmroofingllc.com\/wp-content\/uploads\/2024\/05\/Imagen-de-WhatsApp-2024-04-25-a-las-18.05.15_d9b39df1.jpg 1092w, https:\/\/fmroofingllc.com\/wp-content\/uploads\/2024\/05\/Imagen-de-WhatsApp-2024-04-25-a-las-18.05.15_d9b39df1-228x300.jpg 228w, https:\/\/fmroofingllc.com\/wp-content\/uploads\/2024\/05\/Imagen-de-WhatsApp-2024-04-25-a-las-18.05.15_d9b39df1-778x1024.jpg 778w, https:\/\/fmroofingllc.com\/wp-content\/uploads\/2024\/05\/Imagen-de-WhatsApp-2024-04-25-a-las-18.05.15_d9b39df1-768x1011.jpg 768w, https:\/\/fmroofingllc.com\/wp-content\/uploads\/2024\/05\/Imagen-de-WhatsApp-2024-04-25-a-las-18.05.15_d9b39df1-9x12.jpg 9w\" sizes=\"(max-width: 1092px) 100vw, 1092px\" \/><\/figure><div class=\"elementor-image-box-content\"><h1 class=\"elementor-image-box-title\">Paint<\/h1><p class=\"elementor-image-box-description\">En FM  Roofing LLC ofrecemos servicio de aplicaci\u00f3n de pintura en interior y exterior de residencias y comercios, conociendo las actividades que deben realizarse previos y posteriores a la aplicaci\u00f3n de la pintura para embellecer los ambientes, cuidando de todo alrededor.\nTrabajamos en cada detalle cuidando todo alrededor del \u00e1rea del proyecto, garantizando la textura y color deseado por el cliente. \nCont\u00e1ctanos hoy mismo, te aseguramos que podemos ayudar con todo tipo de proyectos, desde los dormitorios, fachadas, salas, hasta los gabinetes y molduras de su cocina. \n<\/p><\/div><\/div>\t\t\t\t<\/div>\n\t\t\t\t<\/div>\n\t\t\t\t\t<\/div>\n\t\t<\/div>\n\t\t\t\t\t<\/div>\n\t\t<\/section>\n\t\t\t\t<section class=\"elementor-section elementor-inner-section elementor-element elementor-element-b07a6bb elementor-section-boxed elementor-section-height-default elementor-section-height-default\" data-id=\"b07a6bb\" data-element_type=\"section\" data-e-type=\"section\">\n\t\t\t\t\t\t<div class=\"elementor-container elementor-column-gap-default\">\n\t\t\t\t\t<div class=\"elementor-column elementor-col-100 elementor-inner-column elementor-element elementor-element-ae357c1\" data-id=\"ae357c1\" data-element_type=\"column\" data-e-type=\"column\">\n\t\t\t<div class=\"elementor-widget-wrap elementor-element-populated\">\n\t\t\t\t\t\t<div class=\"elementor-element elementor-element-3753d65 elementor-position-top elementor-widget elementor-widget-image-box\" data-id=\"3753d65\" data-element_type=\"widget\" data-e-type=\"widget\" data-widget_type=\"image-box.default\">\n\t\t\t\t<div class=\"elementor-widget-container\">\n\t\t\t\t\t<div class=\"elementor-image-box-wrapper\"><figure class=\"elementor-image-box-img\"><img loading=\"lazy\" decoding=\"async\" width=\"1280\" height=\"853\" src=\"https:\/\/fmroofingllc.com\/wp-content\/uploads\/2024\/05\/texture.jpg\" class=\"elementor-animation-grow attachment-full size-full wp-image-357\" alt=\"\" srcset=\"https:\/\/fmroofingllc.com\/wp-content\/uploads\/2024\/05\/texture.jpg 1280w, https:\/\/fmroofingllc.com\/wp-content\/uploads\/2024\/05\/texture-300x200.jpg 300w, https:\/\/fmroofingllc.com\/wp-content\/uploads\/2024\/05\/texture-1024x682.jpg 1024w, https:\/\/fmroofingllc.com\/wp-content\/uploads\/2024\/05\/texture-768x512.jpg 768w, https:\/\/fmroofingllc.com\/wp-content\/uploads\/2024\/05\/texture-18x12.jpg 18w\" sizes=\"(max-width: 1280px) 100vw, 1280px\" \/><\/figure><div class=\"elementor-image-box-content\"><h1 class=\"elementor-image-box-title\">Texture<\/h1><p class=\"elementor-image-box-description\">FM  Roofing LLC ofrece el servicio de texturas en paredes y cielos, transformado por completo el aspecto y la sensaci\u00f3n de cualquier habitaci\u00f3n de tu casa, desde un hogar acogedor hasta un negocio moderno.  \nNuestro equipo es experto en realizar diferentes tipos de textura, solamente mu\u00e9stranos el tipo de textura que desees en tus paredes y veras que los resultados te encantaran.\n\n<\/p><\/div><\/div>\t\t\t\t<\/div>\n\t\t\t\t<\/div>\n\t\t\t\t\t<\/div>\n\t\t<\/div>\n\t\t\t\t\t<\/div>\n\t\t<\/section>\n\t\t\t\t\t<\/div>\n\t\t<\/div>\n\t\t\t\t\t<\/div>\n\t\t<\/section>\n\t\t\t\t<\/div>","protected":false},"excerpt":{"rendered":"<p>Home What We Offer Meet your expert remodeling contractor in the city of Liberal, Kansas, we are FM Roofing LLC, serving residential and commercial projects. Ask about our specialized services: Roofing, Framing, Siding, Concrete, Sheetrock, Painting, Texture and more. Roofing Selecting a contractor for your roof that is experienced and responsible in the service you [&hellip;]<\/p>\n","protected":false},"author":1,"featured_media":0,"parent":0,"menu_order":0,"comment_status":"closed","ping_status":"closed","template":"","meta":{"footnotes":""},"class_list":["post-90","page","type-page","status-publish","hentry"],"_links":{"self":[{"href":"https:\/\/fmroofingllc.com\/es\/wp-json\/wp\/v2\/pages\/90","targetHints":{"allow":["GET"]}}],"collection":[{"href":"https:\/\/fmroofingllc.com\/es\/wp-json\/wp\/v2\/pages"}],"about":[{"href":"https:\/\/fmroofingllc.com\/es\/wp-json\/wp\/v2\/types\/page"}],"author":[{"embeddable":true,"href":"https:\/\/fmroofingllc.com\/es\/wp-json\/wp\/v2\/users\/1"}],"replies":[{"embeddable":true,"href":"https:\/\/fmroofingllc.com\/es\/wp-json\/wp\/v2\/comments?post=90"}],"version-history":[{"count":49,"href":"https:\/\/fmroofingllc.com\/es\/wp-json\/wp\/v2\/pages\/90\/revisions"}],"predecessor-version":[{"id":360,"href":"https:\/\/fmroofingllc.com\/es\/wp-json\/wp\/v2\/pages\/90\/revisions\/360"}],"wp:attachment":[{"href":"https:\/\/fmroofingllc.com\/es\/wp-json\/wp\/v2\/media?parent=90"}],"curies":[{"name":"wp","href":"https:\/\/api.w.org\/{rel}","templated":true}]}}